{"id":7,"date":"2021-11-14T15:00:55","date_gmt":"2021-11-14T14:00:55","guid":{"rendered":"http:\/\/desistance.fr\/?page_id=7"},"modified":"2022-06-03T12:19:02","modified_gmt":"2022-06-03T10:19:02","slug":"a-propos-de","status":"publish","type":"page","link":"https:\/\/desistance.fr\/?page_id=7","title":{"rendered":"Accueil"},"content":{"rendered":"\n<figure class=\"wp-block-image size-large is-style-rounded\"><img loading=\"lazy\" width=\"1024\" height=\"582\" src=\"http:\/\/desistance.fr\/wp-content\/uploads\/2022\/04\/cuffs-min-1024x582.jpg\" alt=\"\" class=\"wp-image-41\" srcset=\"https:\/\/desistance.fr\/wp-content\/uploads\/2022\/04\/cuffs-min-1024x582.jpg 1024w, https:\/\/desistance.fr\/wp-content\/uploads\/2022\/04\/cuffs-min-300x170.jpg 300w, https:\/\/desistance.fr\/wp-content\/uploads\/2022\/04\/cuffs-min-768x436.jpg 768w, https:\/\/desistance.fr\/wp-content\/uploads\/2022\/04\/cuffs-min-1536x872.jpg 1536w, https:\/\/desistance.fr\/wp-content\/uploads\/2022\/04\/cuffs-min-2048x1163.jpg 2048w\" sizes=\"(max-width: 1024px) 100vw, 1024px\" \/><\/figure>\n\n\n\n<p>Ce site propose de recenser le plus grand nombre de ressources disponibles pour mieux comprendre et faire \u00e9voluer le concept de d\u00e9sistance, autrement dit, les processus qui pr\u00e9sident au changement d&#8217;un parcours vers une sortie de d\u00e9linquance.<\/p>\n\n\n\n<p>Des concepts cl\u00e9s, des ouvrages de r\u00e9f\u00e9rences, des vid\u00e9os qui alimentent ce champ de connaissance seront ainsi mis en partage et soumis \u00e0 la discussion.<\/p>\n\n\n\n<p><\/p>\n","protected":false},"excerpt":{"rendered":"<p>Ce site propose de recenser le plus grand nombre de ressources disponibles pour mieux comprendre et faire \u00e9voluer le concept de d\u00e9sistance, autrement dit, les [&#8230;]<\/p>\n","protected":false},"author":1,"featured_media":0,"parent":0,"menu_order":0,"comment_status":"closed","ping_status":"closed","template":"","meta":[],"_links":{"self":[{"href":"https:\/\/desistance.fr\/index.php?rest_route=\/wp\/v2\/pages\/7"}],"collection":[{"href":"https:\/\/desistance.fr\/index.php?rest_route=\/wp\/v2\/pages"}],"about":[{"href":"https:\/\/desistance.fr\/index.php?rest_route=\/wp\/v2\/types\/page"}],"author":[{"embeddable":true,"href":"https:\/\/desistance.fr\/index.php?rest_route=\/wp\/v2\/users\/1"}],"replies":[{"embeddable":true,"href":"https:\/\/desistance.fr\/index.php?rest_route=%2Fwp%2Fv2%2Fcomments&post=7"}],"version-history":[{"count":3,"href":"https:\/\/desistance.fr\/index.php?rest_route=\/wp\/v2\/pages\/7\/revisions"}],"predecessor-version":[{"id":82,"href":"https:\/\/desistance.fr\/index.php?rest_route=\/wp\/v2\/pages\/7\/revisions\/82"}],"wp:attachment":[{"href":"https:\/\/desistance.fr\/index.php?rest_route=%2Fwp%2Fv2%2Fmedia&parent=7"}],"curies":[{"name":"wp","href":"https:\/\/api.w.org\/{rel}","templated":true}]}}