{"id":63,"date":"2022-04-26T19:05:18","date_gmt":"2022-04-26T17:05:18","guid":{"rendered":"http:\/\/desistance.fr\/?page_id=63"},"modified":"2022-06-03T12:22:40","modified_gmt":"2022-06-03T10:22:40","slug":"valerian-benazeth","status":"publish","type":"page","link":"https:\/\/desistance.fr\/?page_id=63","title":{"rendered":"Valerian Benazeth"},"content":{"rendered":"\n<figure class=\"wp-block-image size-large is-style-rounded\"><img loading=\"lazy\" width=\"1024\" height=\"688\" src=\"http:\/\/desistance.fr\/wp-content\/uploads\/2022\/04\/IMG_1086-1024x688.jpg\" alt=\"\" class=\"wp-image-64\" srcset=\"https:\/\/desistance.fr\/wp-content\/uploads\/2022\/04\/IMG_1086-1024x688.jpg 1024w, https:\/\/desistance.fr\/wp-content\/uploads\/2022\/04\/IMG_1086-300x201.jpg 300w, https:\/\/desistance.fr\/wp-content\/uploads\/2022\/04\/IMG_1086-768x516.jpg 768w, https:\/\/desistance.fr\/wp-content\/uploads\/2022\/04\/IMG_1086.jpg 1114w\" sizes=\"(max-width: 1024px) 100vw, 1024px\" \/><\/figure>\n\n\n\n<p>Apr\u00e8s sept ans de th\u00e8se sur la d\u00e9sistance, autrement dit une recherche consacr\u00e9e \u00e0 \u00e9tudier les m\u00e9canismes qui m\u00e8nent aux sorties de d\u00e9linquance sur le territoire parisien, je mets en partage une partie des fruits de ce travail par le biais de ce site.<\/p>\n\n\n\n<p>Mes explorations puisent dans les nombreuses ressources r\u00e9unies par les chercheuses et les chercheurs du Centre de recherches sociologiques sur le droit et les institutions p\u00e9nales (Cesdip) qui ont contribu\u00e9 \u00e0 mon cheminement de th\u00e8se.<\/p>\n\n\n\n<p>J&#8217;ai \u00e9tudi\u00e9 et enseign\u00e9 deux ans aux USA o\u00f9 j\u2019ai commenc\u00e9 \u00e0 me familiariser avec la sociologie des d\u00e9viances.&nbsp;<\/p>\n\n\n\n<p>J\u2019ai aussi effectu\u00e9 un s\u00e9jour de recherche \u00e0 l\u2019universit\u00e9 de Sheffield qui m\u2019a permis de rencontrer de nombreux chercheurs aguerris dans ce domaine.<\/p>\n\n\n\n<p>J&#8217;enseigne la science politique, la sociologie et \u00e0 leur croisement, les objets de la sociologie des d\u00e9viances: la d\u00e9finition des normes, l\u2019\u00e9tude de la r\u00e9action sociale aux infractions ou encore l\u2019analyse des institutions p\u00e9nales. Des th\u00e8mes qui sont r\u00e9guli\u00e8rement rang\u00e9s sous le registre de la criminologie dans de nombreux pays anglophones.<\/p>\n","protected":false},"excerpt":{"rendered":"<p>Apr\u00e8s sept ans de th\u00e8se sur la d\u00e9sistance, autrement dit une recherche consacr\u00e9e \u00e0 \u00e9tudier les m\u00e9canismes qui m\u00e8nent aux sorties de d\u00e9linquance sur le [&#8230;]<\/p>\n","protected":false},"author":2,"featured_media":0,"parent":0,"menu_order":0,"comment_status":"closed","ping_status":"closed","template":"","meta":[],"_links":{"self":[{"href":"https:\/\/desistance.fr\/index.php?rest_route=\/wp\/v2\/pages\/63"}],"collection":[{"href":"https:\/\/desistance.fr\/index.php?rest_route=\/wp\/v2\/pages"}],"about":[{"href":"https:\/\/desistance.fr\/index.php?rest_route=\/wp\/v2\/types\/page"}],"author":[{"embeddable":true,"href":"https:\/\/desistance.fr\/index.php?rest_route=\/wp\/v2\/users\/2"}],"replies":[{"embeddable":true,"href":"https:\/\/desistance.fr\/index.php?rest_route=%2Fwp%2Fv2%2Fcomments&post=63"}],"version-history":[{"count":4,"href":"https:\/\/desistance.fr\/index.php?rest_route=\/wp\/v2\/pages\/63\/revisions"}],"predecessor-version":[{"id":84,"href":"https:\/\/desistance.fr\/index.php?rest_route=\/wp\/v2\/pages\/63\/revisions\/84"}],"wp:attachment":[{"href":"https:\/\/desistance.fr\/index.php?rest_route=%2Fwp%2Fv2%2Fmedia&parent=63"}],"curies":[{"name":"wp","href":"https:\/\/api.w.org\/{rel}","templated":true}]}}